{"id":3,"date":"2025-02-25T23:31:36","date_gmt":"2025-02-25T23:31:36","guid":{"rendered":"http:\/\/innova3d.ch\/?page_id=3"},"modified":"2025-02-26T00:31:51","modified_gmt":"2025-02-26T00:31:51","slug":"privacy-policy","status":"publish","type":"page","link":"https:\/\/innova3d.ch\/it\/privacy-policy\/","title":{"rendered":"Informativa sulla privacy"},"content":{"rendered":"<div data-elementor-type=\"wp-page\" data-elementor-id=\"3\" class=\"elementor elementor-3\" data-elementor-post-type=\"page\">\n\t\t\t\t<div class=\"elementor-element elementor-element-2d29ecd e-flex e-con-boxed e-con e-parent\" data-id=\"2d29ecd\" data-element_type=\"container\" data-e-type=\"container\" data-settings=\"{&quot;background_background&quot;:&quot;gradient&quot;}\">\n\t\t\t\t\t<div class=\"e-con-inner\">\n\t\t\t\t<div class=\"elementor-element elementor-element-f2e6635 elementor-widget elementor-widget-text-editor\" data-id=\"f2e6635\" data-element_type=\"widget\" data-e-type=\"widget\" data-widget_type=\"text-editor.default\">\n\t\t\t\t<div class=\"elementor-widget-container\">\n\t\t\t\t\t\t\t\t\t<p data-start=\"254\" data-end=\"319\"><strong data-start=\"254\" data-end=\"319\">Informativa sulla privacy di INNOVA3D by Cordonier Conseil<\/strong><\/p><p data-start=\"321\" data-end=\"358\">Data dell'ultimo aggiornamento: [Data].<\/p><p data-start=\"360\" data-end=\"811\"><strong data-start=\"360\" data-end=\"376\">Introduzione<\/strong><br data-start=\"376\" data-end=\"379\" \/>INNOVA3D by Cordonier Conseil, con sede in Route de Flanthey 2, 1978 Lens, Svizzera, registrata con il numero IDE CHE-301.914.157, si impegna a proteggere la riservatezza e la sicurezza dei dati personali dei propri clienti e dei visitatori del proprio sito web. <a href=\"https:\/\/innova3d.ch\/it\/\" target=\"_new\" rel=\"noopener\" data-start=\"635\" data-end=\"679\">https:\/\/innova3d.ch\/<\/a>. La presente informativa sulla privacy illustra le modalit\u00e0 di raccolta, utilizzo, condivisione e protezione dei vostri dati personali.<\/p><p data-start=\"818\" data-end=\"864\"><strong data-start=\"822\" data-end=\"862\">Articolo 1: Raccolta di informazioni<\/strong><\/p><p data-start=\"865\" data-end=\"927\">Raccogliamo informazioni personali quando :<\/p><ul data-start=\"928\" data-end=\"1160\"><li data-start=\"928\" data-end=\"960\">Sfoglia il nostro sito web.<\/li><li data-start=\"961\" data-end=\"1012\">Create un account o fate un acquisto online.<\/li><li data-start=\"1013\" data-end=\"1089\">Compilate il modulo di contatto o contattateci via e-mail.<\/li><li data-start=\"1090\" data-end=\"1160\">Utilizzate i nostri servizi di richiesta di preventivo o di assistenza tecnica.<\/li><\/ul><p data-start=\"1162\" data-end=\"1201\"><strong data-start=\"1162\" data-end=\"1199\">Tipi di informazioni raccolte :<\/strong><\/p><ul data-start=\"1202\" data-end=\"1522\"><li data-start=\"1202\" data-end=\"1286\"><strong data-start=\"1204\" data-end=\"1234\">Dettagli di identificazione :<\/strong> Cognome, nome, indirizzo e-mail, numero di telefono.<\/li><li data-start=\"1287\" data-end=\"1379\"><strong data-start=\"1289\" data-end=\"1320\">Dati transazionali :<\/strong> Informazioni su acquisti, preventivi e fatture.<\/li><li data-start=\"1380\" data-end=\"1522\"><strong data-start=\"1382\" data-end=\"1406\">Dati tecnici :<\/strong> Indirizzo IP, dati di connessione, tipo di browser, sistema operativo, percorso di navigazione del sito.<\/li><\/ul><p data-start=\"1529\" data-end=\"1578\"><strong>Articolo 2: Utilizzo delle informazioni<\/strong><\/p><p data-start=\"1579\" data-end=\"1630\">Le informazioni raccolte vengono utilizzate per :<\/p><ul data-start=\"1631\" data-end=\"1946\"><li data-start=\"1631\" data-end=\"1696\">Per fornire, gestire e migliorare i nostri servizi di stampa 3D.<\/li><li data-start=\"1697\" data-end=\"1746\">Gestire gli ordini, i pagamenti e le consegne.<\/li><li data-start=\"1747\" data-end=\"1800\">Rispondere alle vostre richieste di assistenza o di preventivi.<\/li><li data-start=\"1801\" data-end=\"1889\">Per inviarvi comunicazioni commerciali, se avete dato il vostro consenso.<\/li><li data-start=\"1890\" data-end=\"1946\">Adempiere ai nostri obblighi legali e normativi.<\/li><\/ul><p data-start=\"1953\" data-end=\"1998\"><strong data-start=\"1957\" data-end=\"1996\">Articolo 3: Condivisione delle informazioni<\/strong><\/p><p data-start=\"1999\" data-end=\"2066\">I vostri dati personali possono essere condivisi solo con :<\/p><ul data-start=\"2067\" data-end=\"2296\"><li data-start=\"2067\" data-end=\"2207\"><strong data-start=\"2069\" data-end=\"2099\">Fornitori di servizi :<\/strong> Per l'hosting web (Infomaniak in Svizzera), l'elaborazione dei pagamenti e i servizi di consegna.<\/li><li data-start=\"2208\" data-end=\"2296\"><strong data-start=\"2210\" data-end=\"2233\">Autorit\u00e0 legali :<\/strong> Se richiesto dalla legge o nell'ambito di un procedimento legale.<\/li><\/ul><p data-start=\"2298\" data-end=\"2433\">Ci assicuriamo che tutte le terze parti rispettino standard di sicurezza e riservatezza conformi alle normative vigenti.<\/p><p data-start=\"2440\" data-end=\"2493\"><strong data-start=\"2444\" data-end=\"2491\">Articolo 4: Conservazione e sicurezza dei dati<\/strong><\/p><p data-start=\"2494\" data-end=\"2727\">I vostri dati personali sono conservati su server sicuri in Svizzera, ospitati da <strong data-start=\"2584\" data-end=\"2598\">Infomaniak<\/strong>. Implementiamo misure di sicurezza tecniche e organizzative adeguate per proteggere i vostri dati da :<\/p><ul data-start=\"2728\" data-end=\"2842\"><li data-start=\"2728\" data-end=\"2753\">Accesso non autorizzato.<\/li><li data-start=\"2754\" data-end=\"2798\">Uso improprio o divulgazione.<\/li><li data-start=\"2799\" data-end=\"2842\">Perdita, alterazione o distruzione.<\/li><\/ul><p data-start=\"2849\" data-end=\"2890\"><strong data-start=\"2853\" data-end=\"2888\">Articolo 5: Politica sui cookie<\/strong><\/p><p data-start=\"2891\" data-end=\"2930\">Il nostro sito utilizza i cookie per :<\/p><ul data-start=\"2931\" data-end=\"3040\"><li data-start=\"2931\" data-end=\"2970\">Migliorare l'esperienza dell'utente.<\/li><li data-start=\"2971\" data-end=\"3002\">Analizzare il traffico del sito.<\/li><li data-start=\"3003\" data-end=\"3040\">Personalizzare i contenuti offerti.<\/li><\/ul><p data-start=\"3042\" data-end=\"3226\">Per maggiori dettagli sull'utilizzo dei cookie e per regolare le vostre preferenze, visitate il nostro sito web <a rel=\"noopener\" data-start=\"3155\" data-end=\"3225\">Pagina della politica sui cookie<\/a>.<\/p><p data-start=\"3233\" data-end=\"3277\"><strong data-start=\"3237\" data-end=\"3275\">Articolo 6: Diritti degli utenti<\/strong><\/p><p data-start=\"3278\" data-end=\"3358\">In conformit\u00e0 con <strong data-start=\"3294\" data-end=\"3302\">RGPD<\/strong> e <strong data-start=\"3311\" data-end=\"3319\">NLPD<\/strong>avete i seguenti diritti:<\/p><ul data-start=\"3359\" data-end=\"3945\"><li data-start=\"3359\" data-end=\"3445\"><strong data-start=\"3361\" data-end=\"3380\">Diritto di accesso :<\/strong> Consultare i dati personali in nostro possesso.<\/li><li data-start=\"3446\" data-end=\"3542\"><strong data-start=\"3448\" data-end=\"3476\">Diritto di rettifica :<\/strong> Richiedere la correzione di dati inesatti o incompleti.<\/li><li data-start=\"3543\" data-end=\"3626\"><strong data-start=\"3545\" data-end=\"3571\">Diritto di cancellazione :<\/strong> Richiedere la cancellazione dei propri dati personali.<\/li><li data-start=\"3627\" data-end=\"3723\"><strong data-start=\"3629\" data-end=\"3654\">Diritto di limitare :<\/strong> Limitare il trattamento dei vostri dati in determinate circostanze.<\/li><li data-start=\"3724\" data-end=\"3844\"><strong data-start=\"3726\" data-end=\"3750\">Diritto di opposizione :<\/strong> Opporsi al trattamento dei propri dati, in particolare a fini di prospezione commerciale.<\/li><li data-start=\"3845\" data-end=\"3945\"><strong data-start=\"3847\" data-end=\"3875\">Diritto alla portabilit\u00e0 :<\/strong> Ricevere i dati in un formato strutturato e leggibile dalla macchina.<\/li><\/ul><p data-start=\"3947\" data-end=\"4029\">Per esercitare questi diritti, contattateci all'indirizzo <strong data-start=\"3998\" data-end=\"4028\"><a rel=\"noopener\" data-start=\"4000\" data-end=\"4026\">legal@cordonier-conseil.ch<\/a><\/strong>.<\/p><p data-start=\"4036\" data-end=\"4108\"><strong data-start=\"4040\" data-end=\"4106\">Articolo 7: Modifiche alla presente Informativa sulla privacy<\/strong><\/p><p data-start=\"4109\" data-end=\"4385\">Ci riserviamo il diritto di aggiornare la presente informativa sulla privacy per riflettere le modifiche apportate alle nostre pratiche o per conformarci agli sviluppi legali e normativi. Eventuali aggiornamenti saranno pubblicati su questa pagina con una data di revisione aggiornata.<\/p><p data-start=\"4392\" data-end=\"4420\"><strong data-start=\"4396\" data-end=\"4418\">Articolo 8: Contatti<\/strong><\/p><p data-start=\"4421\" data-end=\"4537\">Per qualsiasi domanda sulla presente informativa sulla privacy o per esercitare i propri diritti, si prega di contattare :<\/p><p data-start=\"4539\" data-end=\"4693\"><strong data-start=\"4539\" data-end=\"4572\">INNOVA3D di Cordonier Conseil<\/strong><br data-start=\"4572\" data-end=\"4575\" \/>Strada di Flanthey 2<br data-start=\"4594\" data-end=\"4597\" \/>1978 Lens, Svizzera<br data-start=\"4614\" data-end=\"4617\" \/>Telefono : <strong data-start=\"4629\" data-end=\"4649\">+41 79 764 80 31<\/strong><br data-start=\"4649\" data-end=\"4652\" \/>E-mail : <strong data-start=\"4661\" data-end=\"4691\"><a rel=\"noopener\" data-start=\"4663\" data-end=\"4689\">legal@cordonier-conseil.ch<\/a><\/strong><\/p>\t\t\t\t\t\t\t\t<\/div>\n\t\t\t\t<\/div>\n\t\t\t\t\t<\/div>\n\t\t\t\t<\/div>\n\t\t\t\t<\/div>","protected":false},"excerpt":{"rendered":"<p>Politique de Confidentialit\u00e9 de INNOVA3D by Cordonier Conseil Date de derni\u00e8re mise \u00e0 jour : [Date] IntroductionINNOVA3D by Cordonier Conseil, situ\u00e9 \u00e0 Route de Flanthey 2, 1978 Lens, Suisse, enregistr\u00e9 sous le num\u00e9ro IDE CHE-301.914.157, est engag\u00e9 \u00e0 prot\u00e9ger la confidentialit\u00e9 et la s\u00e9curit\u00e9 des informations personnelles de ses clients et visiteurs de son site [&hellip;]<\/p>","protected":false},"author":1,"featured_media":47,"parent":0,"menu_order":0,"comment_status":"closed","ping_status":"open","template":"elementor_header_footer","meta":{"footnotes":""},"class_list":["post-3","page","type-page","status-publish","has-post-thumbnail","hentry"],"aioseo_notices":[],"_links":{"self":[{"href":"https:\/\/innova3d.ch\/it\/wp-json\/wp\/v2\/pages\/3","targetHints":{"allow":["GET"]}}],"collection":[{"href":"https:\/\/innova3d.ch\/it\/wp-json\/wp\/v2\/pages"}],"about":[{"href":"https:\/\/innova3d.ch\/it\/wp-json\/wp\/v2\/types\/page"}],"author":[{"embeddable":true,"href":"https:\/\/innova3d.ch\/it\/wp-json\/wp\/v2\/users\/1"}],"replies":[{"embeddable":true,"href":"https:\/\/innova3d.ch\/it\/wp-json\/wp\/v2\/comments?post=3"}],"version-history":[{"count":16,"href":"https:\/\/innova3d.ch\/it\/wp-json\/wp\/v2\/pages\/3\/revisions"}],"predecessor-version":[{"id":140,"href":"https:\/\/innova3d.ch\/it\/wp-json\/wp\/v2\/pages\/3\/revisions\/140"}],"wp:featuredmedia":[{"embeddable":true,"href":"https:\/\/innova3d.ch\/it\/wp-json\/wp\/v2\/media\/47"}],"wp:attachment":[{"href":"https:\/\/innova3d.ch\/it\/wp-json\/wp\/v2\/media?parent=3"}],"curies":[{"name":"wp","href":"https:\/\/api.w.org\/{rel}","templated":true}]}}