{"id":770,"date":"2025-03-06T01:31:32","date_gmt":"2025-03-06T01:31:32","guid":{"rendered":"https:\/\/innova3d.ch\/?page_id=770"},"modified":"2025-03-06T01:34:35","modified_gmt":"2025-03-06T01:34:35","slug":"loisir-et-collection","status":"publish","type":"page","link":"https:\/\/innova3d.ch\/de\/loisir-et-collection\/","title":{"rendered":"Freizeit und Sammeln"},"content":{"rendered":"<div data-elementor-type=\"wp-page\" data-elementor-id=\"770\" class=\"elementor elementor-770\" data-elementor-post-type=\"page\">\n\t\t\t\t<div class=\"elementor-element elementor-element-7f9b671 e-flex e-con-boxed e-con e-parent\" data-id=\"7f9b671\" data-element_type=\"container\" data-e-type=\"container\" data-settings=\"{&quot;background_background&quot;:&quot;gradient&quot;}\">\n\t\t\t\t\t<div class=\"e-con-inner\">\n\t\t<div class=\"elementor-element elementor-element-54f512bb e-con-full e-flex e-con e-child\" data-id=\"54f512bb\" data-element_type=\"container\" data-e-type=\"container\">\n\t\t\t\t<div class=\"elementor-element elementor-element-6c6704e6 elementor-widget elementor-widget-heading\" data-id=\"6c6704e6\" data-element_type=\"widget\" data-e-type=\"widget\" data-widget_type=\"heading.default\">\n\t\t\t\t<div class=\"elementor-widget-container\">\n\t\t\t\t\t<h2 class=\"elementor-heading-title elementor-size-default\">Erwecken Sie Ihre Leidenschaften mit 3D-Druck zum Leben<\/h2>\t\t\t\t<\/div>\n\t\t\t\t<\/div>\n\t\t\t\t<div class=\"elementor-element elementor-element-739c3a7f elementor-widget elementor-widget-heading\" data-id=\"739c3a7f\" data-element_type=\"widget\" data-e-type=\"widget\" data-widget_type=\"heading.default\">\n\t\t\t\t<div class=\"elementor-widget-container\">\n\t\t\t\t\t<h2 class=\"elementor-heading-title elementor-size-default\">Figuren, Gadgets, Cosplay, Spiele... kreieren Sie einzigartige und personalisierte Objekte.\n\n<\/h2>\t\t\t\t<\/div>\n\t\t\t\t<\/div>\n\t\t\t\t<div class=\"elementor-element elementor-element-77dccaae elementor-widget elementor-widget-text-editor\" data-id=\"77dccaae\" data-element_type=\"widget\" data-e-type=\"widget\" data-widget_type=\"text-editor.default\">\n\t\t\t\t<div class=\"elementor-widget-container\">\n\t\t\t\t\t\t\t\t\t<p data-start=\"192\" data-end=\"580\">Der 3D-Druck er\u00f6ffnet eine unendliche Welt von M\u00f6glichkeiten f\u00fcr Liebhaber von <strong data-start=\"267\" data-end=\"322\">kreative Freizeitgestaltung, Sammeln und Geek-Kultur<\/strong>. Ob f\u00fcr <strong data-start=\"341\" data-end=\"464\">Sammlerfiguren, Cosplay-Zubeh\u00f6r, Elemente von Brettspielen oder einzigartige Gegenst\u00e4nde drucken<\/strong>Diese Technologie erm\u00f6glicht <strong data-start=\"491\" data-end=\"577\">vollst\u00e4ndige Individualisierung, schnelle Produktion und grenzenlose Flexibilit\u00e4t<\/strong>.<\/p>\t\t\t\t\t\t\t\t<\/div>\n\t\t\t\t<\/div>\n\t\t\t\t<div class=\"elementor-element elementor-element-26bd6f53 elementor-widget elementor-widget-spacer\" data-id=\"26bd6f53\" data-element_type=\"widget\" data-e-type=\"widget\" data-widget_type=\"spacer.default\">\n\t\t\t\t<div class=\"elementor-widget-container\">\n\t\t\t\t\t\t\t<div class=\"elementor-spacer\">\n\t\t\t<div class=\"elementor-spacer-inner\"><\/div>\n\t\t<\/div>\n\t\t\t\t\t\t<\/div>\n\t\t\t\t<\/div>\n\t\t\t\t<\/div>\n\t\t<div class=\"elementor-element elementor-element-d3a644d e-con-full e-flex e-con e-child\" data-id=\"d3a644d\" data-element_type=\"container\" data-e-type=\"container\" data-settings=\"{&quot;background_background&quot;:&quot;slideshow&quot;,&quot;background_slideshow_gallery&quot;:[],&quot;background_slideshow_loop&quot;:&quot;yes&quot;,&quot;background_slideshow_slide_duration&quot;:5000,&quot;background_slideshow_slide_transition&quot;:&quot;fade&quot;,&quot;background_slideshow_transition_duration&quot;:500}\">\n\t\t\t\t<div class=\"elementor-element elementor-element-3badc95b elementor-widget__width-initial elementor--h-position-center elementor--v-position-middle elementor-widget elementor-widget-slides\" data-id=\"3badc95b\" data-element_type=\"widget\" data-e-type=\"widget\" data-settings=\"{&quot;navigation&quot;:&quot;none&quot;,&quot;autoplay_speed&quot;:2000,&quot;autoplay&quot;:&quot;yes&quot;,&quot;infinite&quot;:&quot;yes&quot;,&quot;transition&quot;:&quot;slide&quot;,&quot;transition_speed&quot;:500}\" data-widget_type=\"slides.default\">\n\t\t\t\t<div class=\"elementor-widget-container\">\n\t\t\t\t\t\t\t\t\t<div class=\"elementor-swiper\">\n\t\t\t\t\t<div class=\"elementor-slides-wrapper elementor-main-swiper swiper\" role=\"region\" aria-roledescription=\"carousel\" aria-label=\"Folien\" dir=\"ltr\" data-animation=\"fadeInUp\">\n\t\t\t\t<div class=\"swiper-wrapper elementor-slides\">\n\t\t\t\t\t\t\t\t\t\t<div class=\"elementor-repeater-item-f0fad6b swiper-slide\" role=\"group\" aria-roledescription=\"slide\"><div class=\"swiper-slide-bg\" role=\"img\" aria-label=\"3d-Druck von Architekturmodellen\"><\/div><div class=\"swiper-slide-inner\" ><div class=\"swiper-slide-contents\"><\/div><\/div><\/div><div class=\"elementor-repeater-item-c0840d7 swiper-slide\" role=\"group\" aria-roledescription=\"slide\"><div class=\"swiper-slide-bg\" role=\"img\" aria-label=\"Becher- und Vasendruck bei innova 3d in Lens\"><\/div><div class=\"swiper-slide-inner\" ><div class=\"swiper-slide-contents\"><\/div><\/div><\/div><div class=\"elementor-repeater-item-d1dea12 swiper-slide\" role=\"group\" aria-roledescription=\"slide\"><div class=\"swiper-slide-bg\" role=\"img\" aria-label=\"3D-Druck von Zahnr\u00e4dern\"><\/div><div class=\"swiper-slide-inner\" ><div class=\"swiper-slide-contents\"><\/div><\/div><\/div><div class=\"elementor-repeater-item-625924c swiper-slide\" role=\"group\" aria-roledescription=\"slide\"><div class=\"swiper-slide-bg\" role=\"img\" aria-label=\"Drucken von Robotern chhez inova 3d\"><\/div><div class=\"swiper-slide-inner\" ><div class=\"swiper-slide-contents\"><\/div><\/div><\/div>\t\t\t\t<\/div>\n\t\t\t\t\t\t\t\t\t\t\t\t\t\t\t\t\t\t\t\t\t<\/div>\n\t\t\t\t<\/div>\n\t\t\t\t\t\t\t\t<\/div>\n\t\t\t\t<\/div>\n\t\t\t\t<\/div>\n\t\t\t\t\t<\/div>\n\t\t\t\t<\/div>\n\t\t<div class=\"elementor-element elementor-element-318e03b9 e-flex e-con-boxed e-con e-parent\" data-id=\"318e03b9\" data-element_type=\"container\" data-e-type=\"container\" data-settings=\"{&quot;background_background&quot;:&quot;gradient&quot;}\">\n\t\t\t\t\t<div class=\"e-con-inner\">\n\t\t<div class=\"elementor-element elementor-element-30f67bcc e-con-full e-flex e-con e-child\" data-id=\"30f67bcc\" data-element_type=\"container\" data-e-type=\"container\" data-settings=\"{&quot;motion_fx_motion_fx_scrolling&quot;:&quot;yes&quot;,&quot;motion_fx_opacity_effect&quot;:&quot;yes&quot;,&quot;motion_fx_opacity_range&quot;:{&quot;unit&quot;:&quot;%&quot;,&quot;size&quot;:&quot;&quot;,&quot;sizes&quot;:{&quot;start&quot;:15,&quot;end&quot;:50}},&quot;motion_fx_opacity_direction&quot;:&quot;out-in&quot;,&quot;motion_fx_opacity_level&quot;:{&quot;unit&quot;:&quot;px&quot;,&quot;size&quot;:10,&quot;sizes&quot;:[]},&quot;motion_fx_devices&quot;:[&quot;desktop&quot;,&quot;tablet&quot;,&quot;mobile&quot;]}\">\n\t\t\t\t<div class=\"elementor-element elementor-element-7be6dbd1 elementor-widget elementor-widget-heading\" data-id=\"7be6dbd1\" data-element_type=\"widget\" data-e-type=\"widget\" data-settings=\"{&quot;motion_fx_motion_fx_scrolling&quot;:&quot;yes&quot;,&quot;motion_fx_range&quot;:&quot;viewport&quot;,&quot;motion_fx_devices&quot;:[&quot;desktop&quot;,&quot;tablet&quot;,&quot;mobile&quot;]}\" data-widget_type=\"heading.default\">\n\t\t\t\t<div class=\"elementor-widget-container\">\n\t\t\t\t\t<h3 class=\"elementor-heading-title elementor-size-default\">Warum sollte man den 3D-Druck f\u00fcr Hobby und Sammeln nutzen?<\/h3>\t\t\t\t<\/div>\n\t\t\t\t<\/div>\n\t\t\t\t<div class=\"elementor-element elementor-element-9fc91a4 elementor-widget elementor-widget-text-editor\" data-id=\"9fc91a4\" data-element_type=\"widget\" data-e-type=\"widget\" data-settings=\"{&quot;motion_fx_motion_fx_scrolling&quot;:&quot;yes&quot;,&quot;motion_fx_devices&quot;:[&quot;desktop&quot;,&quot;tablet&quot;,&quot;mobile&quot;]}\" data-widget_type=\"text-editor.default\">\n\t\t\t\t<div class=\"elementor-widget-container\">\n\t\t\t\t\t\t\t\t\t<p data-start=\"665\" data-end=\"1090\">\u2714 <strong data-start=\"667\" data-end=\"710\">Schaffung von einzigartigen und ma\u00dfgeschneiderten Objekten<\/strong>Sie k\u00f6nnen sich auf eine Vielzahl von Themen konzentrieren, die f\u00fcr jede Leidenschaft geeignet sind.<br data-start=\"737\" data-end=\"740\" \/>\u2714 <strong data-start=\"742\" data-end=\"769\">Vollst\u00e4ndige Personalisierung<\/strong>Sie haben die Wahl zwischen verschiedenen Gr\u00f6\u00dfen, Formen und Ausf\u00fchrungen.<br data-start=\"810\" data-end=\"813\" \/>\u2714 <strong data-start=\"815\" data-end=\"860\">Reproduktion seltener oder verschollener St\u00fccke<\/strong>Sie k\u00f6nnen auch f\u00fcr die Restaurierung oder Erg\u00e4nzung einer Sammlung verwendet werden.<br data-start=\"905\" data-end=\"908\" \/>\u2714 <strong data-start=\"910\" data-end=\"950\">Schnelle Herstellung ohne Werkzeug<\/strong>F\u00fcr sofort verf\u00fcgbare Objekte.<br data-start=\"994\" data-end=\"997\" \/>\u2714 <strong data-start=\"999\" data-end=\"1061\">M\u00f6glichkeit, gegliederte oder detaillierte Teile zu drucken<\/strong>Sie k\u00f6nnen ohne komplizierten Zusammenbau verwendet werden.<\/p>\t\t\t\t\t\t\t\t<\/div>\n\t\t\t\t<\/div>\n\t\t\t\t<\/div>\n\t\t<div class=\"elementor-element elementor-element-6299de76 e-con-full e-flex e-con e-child\" data-id=\"6299de76\" data-element_type=\"container\" data-e-type=\"container\" data-settings=\"{&quot;motion_fx_motion_fx_scrolling&quot;:&quot;yes&quot;,&quot;motion_fx_opacity_effect&quot;:&quot;yes&quot;,&quot;motion_fx_opacity_range&quot;:{&quot;unit&quot;:&quot;%&quot;,&quot;size&quot;:&quot;&quot;,&quot;sizes&quot;:{&quot;start&quot;:15,&quot;end&quot;:50}},&quot;motion_fx_opacity_direction&quot;:&quot;out-in&quot;,&quot;motion_fx_opacity_level&quot;:{&quot;unit&quot;:&quot;px&quot;,&quot;size&quot;:10,&quot;sizes&quot;:[]},&quot;motion_fx_devices&quot;:[&quot;desktop&quot;,&quot;tablet&quot;,&quot;mobile&quot;]}\">\n\t\t\t\t<div class=\"elementor-element elementor-element-791c6c15 elementor-widget elementor-widget-heading\" data-id=\"791c6c15\" data-element_type=\"widget\" data-e-type=\"widget\" data-settings=\"{&quot;motion_fx_motion_fx_scrolling&quot;:&quot;yes&quot;,&quot;motion_fx_range&quot;:&quot;viewport&quot;,&quot;motion_fx_devices&quot;:[&quot;desktop&quot;,&quot;tablet&quot;,&quot;mobile&quot;]}\" data-widget_type=\"heading.default\">\n\t\t\t\t<div class=\"elementor-widget-container\">\n\t\t\t\t\t<h3 class=\"elementor-heading-title elementor-size-default\">Anwendungen in Freizeit und Sammlung<\/h3>\t\t\t\t<\/div>\n\t\t\t\t<\/div>\n\t\t\t\t<div class=\"elementor-element elementor-element-4fe5474a elementor-widget elementor-widget-text-editor\" data-id=\"4fe5474a\" data-element_type=\"widget\" data-e-type=\"widget\" data-settings=\"{&quot;motion_fx_motion_fx_scrolling&quot;:&quot;yes&quot;,&quot;motion_fx_devices&quot;:[&quot;desktop&quot;,&quot;tablet&quot;,&quot;mobile&quot;]}\" data-widget_type=\"text-editor.default\">\n\t\t\t\t<div class=\"elementor-widget-container\">\n\t\t\t\t\t\t\t\t\t<p data-start=\"1319\" data-end=\"1837\">\u2705 <strong data-start=\"1146\" data-end=\"1188\">Personalisierte Figuren und Statuetten<\/strong> : Figuren, Miniaturen, Geek-Dekorationsobjekte.<br data-start=\"1242\" data-end=\"1245\" \/>\u2705 <strong data-start=\"1247\" data-end=\"1286\">Cosplay-Zubeh\u00f6r und Repliken<\/strong> : Masken, R\u00fcstungen, Waffenattrappen.<br data-start=\"1322\" data-end=\"1325\" \/>\u2705 <strong data-start=\"1327\" data-end=\"1369\">Elemente von Gesellschafts- und Rollenspielen<\/strong> : Spielfiguren, Spielfelder, W\u00fcrfel, ma\u00dfgefertigtes Zubeh\u00f6r.<br data-start=\"1417\" data-end=\"1420\" \/>\u2705 <strong data-start=\"1422\" data-end=\"1458\">Personalisierte Gadgets und Goodies<\/strong> : Schl\u00fcsselanh\u00e4nger, Dekorationen, thematische Objekte.<br data-start=\"1505\" data-end=\"1508\" \/>\u2705 <strong data-start=\"1510\" data-end=\"1550\">Reproduktion von Sammlerst\u00fccken<\/strong> : Repliken von Vintage-Modellen oder unauffindbaren Modellen.<\/p>\t\t\t\t\t\t\t\t<\/div>\n\t\t\t\t<\/div>\n\t\t\t\t<\/div>\n\t\t<div class=\"elementor-element elementor-element-1463c8f4 e-con-full e-flex e-con e-child\" data-id=\"1463c8f4\" data-element_type=\"container\" data-e-type=\"container\" data-settings=\"{&quot;motion_fx_motion_fx_scrolling&quot;:&quot;yes&quot;,&quot;motion_fx_opacity_effect&quot;:&quot;yes&quot;,&quot;motion_fx_opacity_range&quot;:{&quot;unit&quot;:&quot;%&quot;,&quot;size&quot;:&quot;&quot;,&quot;sizes&quot;:{&quot;start&quot;:15,&quot;end&quot;:50}},&quot;motion_fx_opacity_direction&quot;:&quot;out-in&quot;,&quot;motion_fx_opacity_level&quot;:{&quot;unit&quot;:&quot;px&quot;,&quot;size&quot;:10,&quot;sizes&quot;:[]},&quot;motion_fx_devices&quot;:[&quot;desktop&quot;,&quot;tablet&quot;,&quot;mobile&quot;]}\">\n\t\t\t\t<div class=\"elementor-element elementor-element-7364a5f8 elementor-widget elementor-widget-heading\" data-id=\"7364a5f8\" data-element_type=\"widget\" data-e-type=\"widget\" data-settings=\"{&quot;motion_fx_motion_fx_scrolling&quot;:&quot;yes&quot;,&quot;motion_fx_range&quot;:&quot;viewport&quot;,&quot;motion_fx_devices&quot;:[&quot;desktop&quot;,&quot;tablet&quot;,&quot;mobile&quot;]}\" data-widget_type=\"heading.default\">\n\t\t\t\t<div class=\"elementor-widget-container\">\n\t\t\t\t\t<h3 class=\"elementor-heading-title elementor-size-default\">Wann sollte man den 3D-Druck nicht f\u00fcr Hobbys und Sammlungen verwenden?<\/h3>\t\t\t\t<\/div>\n\t\t\t\t<\/div>\n\t\t\t\t<div class=\"elementor-element elementor-element-3b1cb1c8 elementor-widget elementor-widget-text-editor\" data-id=\"3b1cb1c8\" data-element_type=\"widget\" data-e-type=\"widget\" data-settings=\"{&quot;motion_fx_motion_fx_scrolling&quot;:&quot;yes&quot;,&quot;motion_fx_devices&quot;:[&quot;desktop&quot;,&quot;tablet&quot;,&quot;mobile&quot;]}\" data-widget_type=\"text-editor.default\">\n\t\t\t\t<div class=\"elementor-widget-container\">\n\t\t\t\t\t\t\t\t\t<p data-start=\"1689\" data-end=\"1752\">\ud83d\udeab <strong data-start=\"1692\" data-end=\"1750\">Ben\u00f6tigen Sie ein ultraglattes Finish ohne Nachbearbeitung<\/strong><\/p><ul data-start=\"1753\" data-end=\"1825\"><li data-start=\"1753\" data-end=\"1825\">Alternative : <strong data-start=\"1769\" data-end=\"1823\">SLA-Druck oder Polieren f\u00fcr eine optimale Wiedergabe.<\/strong><\/li><\/ul><p data-start=\"1827\" data-end=\"1909\">\ud83d\udeab <strong data-start=\"1830\" data-end=\"1907\">Objekte, die besondere Materialien erfordern (Metalle, Glas, Echtholz)<\/strong><\/p><ul data-start=\"1910\" data-end=\"1982\"><li data-start=\"1910\" data-end=\"1982\">Alternative : <strong data-start=\"1926\" data-end=\"1980\">Hybridbaugruppe oder Guss nach dem 3D-Druck.<\/strong><\/li><\/ul><p data-start=\"1984\" data-end=\"2033\">\ud83d\udeab <strong data-start=\"1987\" data-end=\"2031\">Kosteng\u00fcnstige Massenproduktion<\/strong><\/p><ul data-start=\"2034\" data-end=\"2100\"><li data-start=\"2034\" data-end=\"2100\">Alternative : <strong data-start=\"2050\" data-end=\"2098\">Kunststoffspritzguss f\u00fcr hohe Volumina.<\/strong><\/li><\/ul>\t\t\t\t\t\t\t\t<\/div>\n\t\t\t\t<\/div>\n\t\t\t\t<\/div>\n\t\t<div class=\"elementor-element elementor-element-3c23966f e-con-full e-flex e-con e-child\" data-id=\"3c23966f\" data-element_type=\"container\" data-e-type=\"container\" data-settings=\"{&quot;motion_fx_motion_fx_scrolling&quot;:&quot;yes&quot;,&quot;motion_fx_opacity_effect&quot;:&quot;yes&quot;,&quot;motion_fx_opacity_range&quot;:{&quot;unit&quot;:&quot;%&quot;,&quot;size&quot;:&quot;&quot;,&quot;sizes&quot;:{&quot;start&quot;:15,&quot;end&quot;:50}},&quot;motion_fx_opacity_direction&quot;:&quot;out-in&quot;,&quot;motion_fx_opacity_level&quot;:{&quot;unit&quot;:&quot;px&quot;,&quot;size&quot;:10,&quot;sizes&quot;:[]},&quot;motion_fx_devices&quot;:[&quot;desktop&quot;,&quot;tablet&quot;,&quot;mobile&quot;]}\">\n\t\t\t\t<div class=\"elementor-element elementor-element-2344f87c elementor-widget elementor-widget-heading\" data-id=\"2344f87c\" data-element_type=\"widget\" data-e-type=\"widget\" data-settings=\"{&quot;motion_fx_motion_fx_scrolling&quot;:&quot;yes&quot;,&quot;motion_fx_range&quot;:&quot;viewport&quot;,&quot;motion_fx_devices&quot;:[&quot;desktop&quot;,&quot;tablet&quot;,&quot;mobile&quot;]}\" data-widget_type=\"heading.default\">\n\t\t\t\t<div class=\"elementor-widget-container\">\n\t\t\t\t\t<h3 class=\"elementor-heading-title elementor-size-default\">Empfohlene Materialien f\u00fcr Freizeit und Sammlung<\/h3>\t\t\t\t<\/div>\n\t\t\t\t<\/div>\n\t\t\t\t<div class=\"elementor-element elementor-element-5620052d elementor-widget elementor-widget-text-editor\" data-id=\"5620052d\" data-element_type=\"widget\" data-e-type=\"widget\" data-settings=\"{&quot;motion_fx_motion_fx_scrolling&quot;:&quot;yes&quot;,&quot;motion_fx_devices&quot;:[&quot;desktop&quot;,&quot;tablet&quot;,&quot;mobile&quot;]}\" data-widget_type=\"text-editor.default\">\n\t\t\t\t<div class=\"elementor-widget-container\">\n\t\t\t\t\t\t\t\t\t<p data-start=\"2171\" data-end=\"2549\">\ud83c\udfae <strong data-start=\"2174\" data-end=\"2192\"><a href=\"https:\/\/innova3d.ch\/de\/pla\/\" target=\"_blank\" rel=\"noopener\">PLA<\/a> &amp; <a href=\"https:\/\/innova3d.ch\/de\/pla-silk\/\" target=\"_blank\" rel=\"noopener\">PLA Silk<\/a><\/strong> - Ideal f\u00fcr bunte und dekorative Figuren.<br data-start=\"2244\" data-end=\"2247\" \/>\ud83c\udfae <a href=\"https:\/\/innova3d.ch\/de\/pla-glow\/\" target=\"_blank\" rel=\"noopener\"><strong data-start=\"2250\" data-end=\"2262\">PLA Glow<\/strong><\/a> - Phosphoreszenz-Effekt f\u00fcr leuchtende und interaktive Objekte.<br data-start=\"2326\" data-end=\"2329\" \/>\ud83c\udfae <strong data-start=\"2332\" data-end=\"2346\"><a href=\"https:\/\/innova3d.ch\/de\/petg-hf\/\" target=\"_blank\" rel=\"noopener\">PETG<\/a> &amp; <a href=\"https:\/\/innova3d.ch\/de\/abs\/\" target=\"_blank\" rel=\"noopener\">ABS<\/a><\/strong> - F\u00fcr st\u00e4rkeres und sto\u00dffesteres Zubeh\u00f6r.<br data-start=\"2407\" data-end=\"2410\" \/>\ud83c\udfae <a href=\"https:\/\/innova3d.ch\/de\/tpu-95a-hf\/\" target=\"_blank\" rel=\"noopener\"><strong data-start=\"2413\" data-end=\"2427\">TPU 95A HF<\/strong><\/a> - Perfekt f\u00fcr weiches und ergonomisches Zubeh\u00f6r.<br data-start=\"2483\" data-end=\"2486\" \/>\ud83c\udfae <a href=\"https:\/\/innova3d.ch\/de\/pa6-cf\/\" target=\"_blank\" rel=\"noopener\"><strong data-start=\"2489\" data-end=\"2499\">PA6-CF<\/strong><\/a> - F\u00fcr widerstandsf\u00e4hige und detaillierte Nachbildungen.<\/p>\t\t\t\t\t\t\t\t<\/div>\n\t\t\t\t<\/div>\n\t\t\t\t<\/div>\n\t\t\t\t\t<\/div>\n\t\t\t\t<\/div>\n\t\t\t\t<\/div>","protected":false},"excerpt":{"rendered":"<p>Erwecken Sie Ihre Leidenschaften mit 3D-Druck zum Leben<\/p>","protected":false},"author":1,"featured_media":736,"parent":0,"menu_order":0,"comment_status":"closed","ping_status":"closed","template":"","meta":{"footnotes":""},"class_list":["post-770","page","type-page","status-publish","has-post-thumbnail","hentry"],"aioseo_notices":[],"_links":{"self":[{"href":"https:\/\/innova3d.ch\/de\/wp-json\/wp\/v2\/pages\/770","targetHints":{"allow":["GET"]}}],"collection":[{"href":"https:\/\/innova3d.ch\/de\/wp-json\/wp\/v2\/pages"}],"about":[{"href":"https:\/\/innova3d.ch\/de\/wp-json\/wp\/v2\/types\/page"}],"author":[{"embeddable":true,"href":"https:\/\/innova3d.ch\/de\/wp-json\/wp\/v2\/users\/1"}],"replies":[{"embeddable":true,"href":"https:\/\/innova3d.ch\/de\/wp-json\/wp\/v2\/comments?post=770"}],"version-history":[{"count":4,"href":"https:\/\/innova3d.ch\/de\/wp-json\/wp\/v2\/pages\/770\/revisions"}],"predecessor-version":[{"id":775,"href":"https:\/\/innova3d.ch\/de\/wp-json\/wp\/v2\/pages\/770\/revisions\/775"}],"wp:featuredmedia":[{"embeddable":true,"href":"https:\/\/innova3d.ch\/de\/wp-json\/wp\/v2\/media\/736"}],"wp:attachment":[{"href":"https:\/\/innova3d.ch\/de\/wp-json\/wp\/v2\/media?parent=770"}],"curies":[{"name":"wp","href":"https:\/\/api.w.org\/{rel}","templated":true}]}}